{"id":18,"date":"2025-03-27T11:14:57","date_gmt":"2025-03-27T11:14:57","guid":{"rendered":"http:\/\/www.guler.web.tr\/?page_id=18"},"modified":"2026-03-22T07:00:36","modified_gmt":"2026-03-22T07:00:36","slug":"1-2","status":"publish","type":"page","link":"http:\/\/www.guler.web.tr\/","title":{"rendered":"Anasayfa"},"content":{"rendered":"\n<p id=\"block-4e4eac59-7cc3-4f64-822c-3864a4d050e5\"><strong>B SINIFI \u0130\u015e G\u00dcVENL\u0130\u011e\u0130 UZMANI \/ JEOF\u0130Z\u0130K M\u00dcHEND\u0130S\u0130<\/strong><\/p>\n\n\n\n<p><em>\u0130stanbul Rumeli \u00dcniversitesi \u0130\u015f Sa\u011fl\u0131\u011f\u0131 ve G\u00fcvenli\u011fi Y\u00fcksek Lisans Program\u0131 (2024)<\/em><\/p>\n\n\n\n<p><em>Kocaeli \u00dcniversitesi Jeofizik M\u00fchendisli\u011fi (2016)<\/em><\/p>\n\n\n\n<p><strong>*<\/strong> Proje Bazl\u0131 \u0130\u015f G\u00fcvenli\u011fi Uzmanl\u0131\u011f\u0131 (Nisan 2025- Devam ediyor.)<\/p>\n\n\n\n<p>(Sakarya, Kocaeli, Bolu, Bursa, Adana)<\/p>\n\n\n\n<p id=\"block-6208a251-f43f-405e-a11d-31eca97372c8\">*Balaban Sa\u011fl\u0131k Hizmetleri A.\u015e. &#8211; B S\u0131n\u0131f\u0131 \u0130\u015f G\u00fcvenli\u011fi Uzman\u0131 ( Ocak 2025- Mart 2025)<\/p>\n\n\n\n<p id=\"block-88e56a2a-687f-43d3-92be-16f538616edf\">&nbsp;Pabu\u00e7\u00e7ular Mah. Adapazar\u0131 \/ SAKARYA<\/p>\n\n\n\n<p id=\"block-91607b1b-dd21-4978-9811-97ae600c5bfb\">*Akt\u00fcl Ka\u011f\u0131t \u00dcretim Pazarlama A.\u015e. \u2013 \u0130SG Uzman\u0131 ( Temmuz 2022 \u2013 Aral\u0131k 2024)<\/p>\n\n\n\n<p id=\"block-48d9f4a4-24a3-4f2a-b620-665701f79c6c\">&nbsp;Beylikyerleri&nbsp;Mevkii G\u00f6kg\u00f6z Mahallesi Pamukova \/ SAKARYA<\/p>\n\n\n\n<p id=\"block-e4d8e494-b435-4924-abe1-1488dd7b70b4\">&nbsp;*Aksa G\u00f6yn\u00fck Enerji \u00dcretim A.\u015e. &#8211; Vardiya \u0130SG Uzman\u0131 ( Ocak 2019- Haziran 2022)<\/p>\n\n\n\n<p id=\"block-93db6e4d-7f09-46e7-acf5-b104b0258c05\">135&#215;2 MW Termik Santral B\u00f6l\u00fccekova K\u00f6y\u00fc, G\u00f6yn\u00fck \/ BOLU<\/p>\n\n\n\n<p id=\"block-b22826a8-3898-4b05-a925-5bcfce407680\">&nbsp;*CFT M\u00fchendislik Jeofizik, Jeolojik Ara\u015ft\u0131rmalar Ltd. \u015eti.- Jeofizik M\u00fchendisi&nbsp;&nbsp;( Eyl\u00fcl 2017- Ekim 2017)<\/p>\n\n\n\n<p id=\"block-26283283-ada4-4dd6-80e0-c062a0003a33\">\u00c7ankaya \/ ANKARA<\/p>\n\n\n\n<p id=\"block-48b9c194-9917-47aa-8aca-00d6e7ba725b\">*Osmangazi Elektrik Perakende Sat\u0131\u015f A.\u015e. \u2013 M\u00fc\u015fteri \u0130li\u015fkileri Personeli ( Eyl\u00fcl 2014-Nisan 2015)<\/p>\n\n\n\n<p>&nbsp;Merkez \/ B\u0130LEC\u0130K<\/p>\n\n\n\n<p><\/p>\n","protected":false},"excerpt":{"rendered":"<p>B SINIFI \u0130\u015e G\u00dcVENL\u0130\u011e\u0130 UZMANI \/ JEOF\u0130Z\u0130K M\u00dcHEND\u0130S\u0130 \u0130stanbul Rumeli \u00dcniversitesi \u0130\u015f Sa\u011fl\u0131\u011f\u0131 ve G\u00fcvenli\u011fi Y\u00fcksek Lisans Program\u0131 (2024) Kocaeli \u00dcniversitesi Jeofizik M\u00fchendisli\u011fi (2016) * Proje Bazl\u0131 \u0130\u015f G\u00fcvenli\u011fi Uzmanl\u0131\u011f\u0131 (Nisan 2025- Devam ediyor.) (Sakarya, Kocaeli, Bolu, Bursa, Adana) *Balaban &hellip; <a href=\"http:\/\/www.guler.web.tr\/\">Okumaya devam et <span class=\"meta-nav\">&rarr;<\/span><\/a><\/p>\n","protected":false},"author":1,"featured_media":0,"parent":0,"menu_order":0,"comment_status":"closed","ping_status":"closed","template":"","meta":{"footnotes":""},"class_list":["post-18","page","type-page","status-publish","hentry"],"_links":{"self":[{"href":"http:\/\/www.guler.web.tr\/index.php?rest_route=\/wp\/v2\/pages\/18","targetHints":{"allow":["GET"]}}],"collection":[{"href":"http:\/\/www.guler.web.tr\/index.php?rest_route=\/wp\/v2\/pages"}],"about":[{"href":"http:\/\/www.guler.web.tr\/index.php?rest_route=\/wp\/v2\/types\/page"}],"author":[{"embeddable":true,"href":"http:\/\/www.guler.web.tr\/index.php?rest_route=\/wp\/v2\/users\/1"}],"replies":[{"embeddable":true,"href":"http:\/\/www.guler.web.tr\/index.php?rest_route=%2Fwp%2Fv2%2Fcomments&post=18"}],"version-history":[{"count":12,"href":"http:\/\/www.guler.web.tr\/index.php?rest_route=\/wp\/v2\/pages\/18\/revisions"}],"predecessor-version":[{"id":43,"href":"http:\/\/www.guler.web.tr\/index.php?rest_route=\/wp\/v2\/pages\/18\/revisions\/43"}],"wp:attachment":[{"href":"http:\/\/www.guler.web.tr\/index.php?rest_route=%2Fwp%2Fv2%2Fmedia&parent=18"}],"curies":[{"name":"wp","href":"https:\/\/api.w.org\/{rel}","templated":true}]}}